{"id":4836,"date":"2018-09-19T08:24:56","date_gmt":"2018-09-19T08:24:56","guid":{"rendered":"http:\/\/www.linnittproperties.com\/?page_id=4836"},"modified":"2024-10-16T15:53:21","modified_gmt":"2024-10-16T15:53:21","slug":"4643-2","status":"publish","type":"page","link":"https:\/\/www.linnittproperties.com\/en\/4643-2\/","title":{"rendered":"Politica de Privacidad"},"content":{"rendered":"<div class=\"entry-content clearfix\">\n<h2>Pol\u00edtica de privacidad<\/h2>\n<\/div>\n<div>De acuerdo con la normativa de Protecci\u00f3n de Datos de Car\u00e1cter Personal, procedemos a informarle del tratamiento de datos personales que realizamos de nuestros clientes y\/o usuarios de la presente p\u00e1gina web.<\/div>\n<div>\n1.- Responsable de tratamiento de los datosLINNITT PROPERTY MANAGEMENT AND SERVICES, SLL (en adelante LINNITT PROPERTIES)<br \/>\nAVDA. ALMER\u00cdA, N\u00ba 54 , LOCAL 4 &#8211; 04639 TURRE (ALMER\u00cdA)<br \/>\ninfo@linnittproperties.com.<\/div>\n<div>\n2. Finalidad del tratamiento, legitimaci\u00f3n y plazo de conservaci\u00f3n LINNITT PROPERTIES podr\u00e1 tratar sus datos de car\u00e1cter personal de acuerdo con las siguientes finalidades: SERVICIO DE ATENCI\u00d3N AL USUARIO A TRAV\u00c9S DEL FORMULARIO DE CONTACTO Y\/O ENV\u00cdO DE CORREOS ELECTR\u00d3NICOS<br \/>\nFinalidad de tratamiento: trataremos los datos estrictamente necesarios para gestionar su petici\u00f3n. Legitimaci\u00f3n: existe un inter\u00e9s leg\u00edtimo por ambas partes para la resoluci\u00f3n de solicitudes o consultas. En caso de reclamaciones relacionadas con nuestros productos o servicios, la legitimaci\u00f3n es el cumplimiento de obligaciones legales por nuestra parte. Plazo de conservaci\u00f3n: el tiempo necesario para dar respuesta a su solicitud y en cualquier caso, hasta que transcurra el plazo de prescripci\u00f3n de posibles acciones de responsabilidad derivadas del tratamiento.<\/div>\n<div>\n3. Destinatarios de cesiones<br \/>\nNo cederemos sus datos a terceros, salvo para dar cumplimiento a una obligaci\u00f3n legal.<\/div>\n<div>\n4. Pol\u00edtica de cookies<br \/>\nPara revisar el tratamiento de datos relativo a las cookies, puede consultar la pol\u00edtica de cookies, disponible en esta misma p\u00e1gina web.<br \/>\nPodr\u00e1 configurar sus preferencias respecto al uso de cookies en el propio aviso de configuraci\u00f3n de cookies.<\/div>\n<div><\/div>\n<div>5. Derechos<br \/>\nPor \u00faltimo, le informamos de sus derechos en materia de protecci\u00f3n de datos.<br \/>\n-Derecho a solicitar el acceso a sus datos personales.<br \/>\n-Derecho a solicitar su rectificaci\u00f3n o supresi\u00f3n.<br \/>\n-Derecho a solicitar la limitaci\u00f3n de su tratamiento, y a oponerse al tratamiento.<br \/>\n-Derecho a la portabilidad de los datos.<br \/>\n-Derecho a la retirada de su consentimiento.<br \/>\nPuede enviar su solicitud a trav\u00e9s de la cuenta de correo electr\u00f3nico: info@linnittproperties.com.<br \/>\nSi considera que no hemos atendido correctamente sus derechos, podr\u00e1 formular una reclamaci\u00f3n ante la Agencia Espa\u00f1ola de Protecci\u00f3n de Datos, a trav\u00e9s de las siguientes v\u00edas:<br \/>\n-Sede electr\u00f3nica: www.aepd.es<br \/>\n-Correo postal: C\/ Jorge Juan 6, 28001 \u2013 Madrid<br \/>\n-Tel\u00e9fono: 901 100 099 \u2013 91 266 35 17<\/div>\n<div>\n6. Medidas de seguridad<br \/>\nLINNITT PROPERTIES tiene implantadas las medidas t\u00e9cnicas y organizativas necesarias para garantizar la seguridad de sus datos de car\u00e1cter personal y evitar su alteraci\u00f3n, la p\u00e9rdida y el tratamiento y\/o el acceso no autorizado, teniendo en cuenta el estado de la tecnolog\u00eda, la naturaleza de los datos almacenados y los riesgos provenientes de la acci\u00f3n humana o del medio f\u00edsico y natural a que est\u00e1n expuestas.<\/div>\n","protected":false},"excerpt":{"rendered":"<p>Pol\u00edtica de privacidad De acuerdo con la normativa de Protecci\u00f3n de Datos de Car\u00e1cter Personal, procedemos a informarle del tratamiento de datos personales que realizamos de nuestros clientes y\/o usuarios de la presente p\u00e1gina web. 1.- Responsable de tratamiento de los datosLINNITT PROPERTY MANAGEMENT AND SERVICES, SLL (en adelante LINNITT PROPERTIES) AVDA. ALMER\u00cdA, N\u00ba 54&#8230;<\/p>\n","protected":false},"author":1,"featured_media":0,"parent":0,"menu_order":0,"comment_status":"closed","ping_status":"closed","template":"","meta":{"footnotes":""},"class_list":["post-4836","page","type-page","status-publish","hentry"],"yoast_head":"<!-- This site is optimized with the Yoast SEO plugin v21.8 - https:\/\/yoast.com\/wordpress\/plugins\/seo\/ -->\n<title>Politica de Privacidad - Inmobiliaria Linnitt Properties<\/title>\n<meta name=\"robots\" content=\"index, follow, max-snippet:-1, max-image-preview:large, max-video-preview:-1\" \/>\n<link rel=\"canonical\" href=\"https:\/\/www.linnittproperties.com\/en\/4643-2\/\" \/>\n<meta property=\"og:locale\" content=\"en_US\" \/>\n<meta property=\"og:type\" content=\"article\" \/>\n<meta property=\"og:title\" content=\"Politica de Privacidad - Inmobiliaria Linnitt Properties\" \/>\n<meta property=\"og:description\" content=\"Pol\u00edtica de privacidad De acuerdo con la normativa de Protecci\u00f3n de Datos de Car\u00e1cter Personal, procedemos a informarle del tratamiento de datos personales que realizamos de nuestros clientes y\/o usuarios de la presente p\u00e1gina web. 1.- Responsable de tratamiento de los datosLINNITT PROPERTY MANAGEMENT AND SERVICES, SLL (en adelante LINNITT PROPERTIES) AVDA. ALMER\u00cdA, N\u00ba 54...\" \/>\n<meta property=\"og:url\" content=\"https:\/\/www.linnittproperties.com\/en\/4643-2\/\" \/>\n<meta property=\"og:site_name\" content=\"Inmobiliaria Linnitt Properties\" \/>\n<meta property=\"article:modified_time\" content=\"2024-10-16T15:53:21+00:00\" \/>\n<meta name=\"twitter:card\" content=\"summary_large_image\" \/>\n<meta name=\"twitter:label1\" content=\"Est. reading time\" \/>\n\t<meta name=\"twitter:data1\" content=\"2 minutes\" \/>\n<script type=\"application\/ld+json\" class=\"yoast-schema-graph\">{\"@context\":\"https:\/\/schema.org\",\"@graph\":[{\"@type\":\"WebPage\",\"@id\":\"https:\/\/www.linnittproperties.com\/en\/4643-2\/\",\"url\":\"https:\/\/www.linnittproperties.com\/en\/4643-2\/\",\"name\":\"Politica de Privacidad - Inmobiliaria Linnitt Properties\",\"isPartOf\":{\"@id\":\"https:\/\/www.linnittproperties.com\/#website\"},\"datePublished\":\"2018-09-19T08:24:56+00:00\",\"dateModified\":\"2024-10-16T15:53:21+00:00\",\"breadcrumb\":{\"@id\":\"https:\/\/www.linnittproperties.com\/en\/4643-2\/#breadcrumb\"},\"inLanguage\":\"en-US\",\"potentialAction\":[{\"@type\":\"ReadAction\",\"target\":[\"https:\/\/www.linnittproperties.com\/en\/4643-2\/\"]}]},{\"@type\":\"BreadcrumbList\",\"@id\":\"https:\/\/www.linnittproperties.com\/en\/4643-2\/#breadcrumb\",\"itemListElement\":[{\"@type\":\"ListItem\",\"position\":1,\"name\":\"Home\",\"item\":\"https:\/\/www.linnittproperties.com\/en\/\"},{\"@type\":\"ListItem\",\"position\":2,\"name\":\"Politica de Privacidad\"}]},{\"@type\":\"WebSite\",\"@id\":\"https:\/\/www.linnittproperties.com\/#website\",\"url\":\"https:\/\/www.linnittproperties.com\/\",\"name\":\"Inmobiliaria Linnitt Properties\",\"description\":\"Turre (Almer\u00eda) \",\"publisher\":{\"@id\":\"https:\/\/www.linnittproperties.com\/#organization\"},\"potentialAction\":[{\"@type\":\"SearchAction\",\"target\":{\"@type\":\"EntryPoint\",\"urlTemplate\":\"https:\/\/www.linnittproperties.com\/?s={search_term_string}\"},\"query-input\":\"required name=search_term_string\"}],\"inLanguage\":\"en-US\"},{\"@type\":\"Organization\",\"@id\":\"https:\/\/www.linnittproperties.com\/#organization\",\"name\":\"Inmobiliaria Linnitt Properties\",\"url\":\"https:\/\/www.linnittproperties.com\/\",\"logo\":{\"@type\":\"ImageObject\",\"inLanguage\":\"en-US\",\"@id\":\"https:\/\/www.linnittproperties.com\/#\/schema\/logo\/image\/\",\"url\":\"https:\/\/www.linnittproperties.com\/wp-content\/uploads\/2019\/03\/logo-linnitt-definitivo.png\",\"contentUrl\":\"https:\/\/www.linnittproperties.com\/wp-content\/uploads\/2019\/03\/logo-linnitt-definitivo.png\",\"width\":115,\"height\":150,\"caption\":\"Inmobiliaria Linnitt Properties\"},\"image\":{\"@id\":\"https:\/\/www.linnittproperties.com\/#\/schema\/logo\/image\/\"}}]}<\/script>\n<!-- \/ Yoast SEO plugin. -->","yoast_head_json":{"title":"Politica de Privacidad - Inmobiliaria Linnitt Properties","robots":{"index":"index","follow":"follow","max-snippet":"max-snippet:-1","max-image-preview":"max-image-preview:large","max-video-preview":"max-video-preview:-1"},"canonical":"https:\/\/www.linnittproperties.com\/en\/4643-2\/","og_locale":"en_US","og_type":"article","og_title":"Politica de Privacidad - Inmobiliaria Linnitt Properties","og_description":"Pol\u00edtica de privacidad De acuerdo con la normativa de Protecci\u00f3n de Datos de Car\u00e1cter Personal, procedemos a informarle del tratamiento de datos personales que realizamos de nuestros clientes y\/o usuarios de la presente p\u00e1gina web. 1.- Responsable de tratamiento de los datosLINNITT PROPERTY MANAGEMENT AND SERVICES, SLL (en adelante LINNITT PROPERTIES) AVDA. ALMER\u00cdA, N\u00ba 54...","og_url":"https:\/\/www.linnittproperties.com\/en\/4643-2\/","og_site_name":"Inmobiliaria Linnitt Properties","article_modified_time":"2024-10-16T15:53:21+00:00","twitter_card":"summary_large_image","twitter_misc":{"Est. reading time":"2 minutes"},"schema":{"@context":"https:\/\/schema.org","@graph":[{"@type":"WebPage","@id":"https:\/\/www.linnittproperties.com\/en\/4643-2\/","url":"https:\/\/www.linnittproperties.com\/en\/4643-2\/","name":"Politica de Privacidad - Inmobiliaria Linnitt Properties","isPartOf":{"@id":"https:\/\/www.linnittproperties.com\/#website"},"datePublished":"2018-09-19T08:24:56+00:00","dateModified":"2024-10-16T15:53:21+00:00","breadcrumb":{"@id":"https:\/\/www.linnittproperties.com\/en\/4643-2\/#breadcrumb"},"inLanguage":"en-US","potentialAction":[{"@type":"ReadAction","target":["https:\/\/www.linnittproperties.com\/en\/4643-2\/"]}]},{"@type":"BreadcrumbList","@id":"https:\/\/www.linnittproperties.com\/en\/4643-2\/#breadcrumb","itemListElement":[{"@type":"ListItem","position":1,"name":"Home","item":"https:\/\/www.linnittproperties.com\/en\/"},{"@type":"ListItem","position":2,"name":"Politica de Privacidad"}]},{"@type":"WebSite","@id":"https:\/\/www.linnittproperties.com\/#website","url":"https:\/\/www.linnittproperties.com\/","name":"Inmobiliaria Linnitt Properties","description":"Turre (Almer\u00eda) ","publisher":{"@id":"https:\/\/www.linnittproperties.com\/#organization"},"potentialAction":[{"@type":"SearchAction","target":{"@type":"EntryPoint","urlTemplate":"https:\/\/www.linnittproperties.com\/?s={search_term_string}"},"query-input":"required name=search_term_string"}],"inLanguage":"en-US"},{"@type":"Organization","@id":"https:\/\/www.linnittproperties.com\/#organization","name":"Inmobiliaria Linnitt Properties","url":"https:\/\/www.linnittproperties.com\/","logo":{"@type":"ImageObject","inLanguage":"en-US","@id":"https:\/\/www.linnittproperties.com\/#\/schema\/logo\/image\/","url":"https:\/\/www.linnittproperties.com\/wp-content\/uploads\/2019\/03\/logo-linnitt-definitivo.png","contentUrl":"https:\/\/www.linnittproperties.com\/wp-content\/uploads\/2019\/03\/logo-linnitt-definitivo.png","width":115,"height":150,"caption":"Inmobiliaria Linnitt Properties"},"image":{"@id":"https:\/\/www.linnittproperties.com\/#\/schema\/logo\/image\/"}}]}},"_links":{"self":[{"href":"https:\/\/www.linnittproperties.com\/en\/wp-json\/wp\/v2\/pages\/4836\/"}],"collection":[{"href":"https:\/\/www.linnittproperties.com\/en\/wp-json\/wp\/v2\/pages\/"}],"about":[{"href":"https:\/\/www.linnittproperties.com\/en\/wp-json\/wp\/v2\/types\/page\/"}],"author":[{"embeddable":true,"href":"https:\/\/www.linnittproperties.com\/en\/wp-json\/wp\/v2\/users\/1\/"}],"replies":[{"embeddable":true,"href":"https:\/\/www.linnittproperties.com\/en\/wp-json\/wp\/v2\/comments\/?post=4836"}],"version-history":[{"count":8,"href":"https:\/\/www.linnittproperties.com\/en\/wp-json\/wp\/v2\/pages\/4836\/revisions\/"}],"predecessor-version":[{"id":14643,"href":"https:\/\/www.linnittproperties.com\/en\/wp-json\/wp\/v2\/pages\/4836\/revisions\/14643\/"}],"wp:attachment":[{"href":"https:\/\/www.linnittproperties.com\/en\/wp-json\/wp\/v2\/media\/?parent=4836"}],"curies":[{"name":"wp","href":"https:\/\/api.w.org\/{rel}","templated":true}]}}